{"id":400,"date":"2021-04-30T16:11:32","date_gmt":"2021-04-30T16:11:32","guid":{"rendered":"https:\/\/newart.sisverapaz.xyx\/about\/"},"modified":"2024-04-25T22:36:40","modified_gmt":"2024-04-25T22:36:40","slug":"about","status":"publish","type":"page","link":"https:\/\/newartindustry.com\/es\/about\/","title":{"rendered":"Sobre Nosotros"},"content":{"rendered":"<div data-elementor-type=\"wp-page\" data-elementor-id=\"400\" class=\"elementor elementor-400\">\n\t\t\t\t\t\t<section class=\"elementor-section elementor-top-section elementor-element elementor-element-29c5911 elementor-section-height-min-height elementor-section-boxed elementor-section-height-default elementor-section-items-middle\" data-id=\"29c5911\" data-element_type=\"section\" data-e-type=\"section\" data-settings=\"{&quot;background_background&quot;:&quot;classic&quot;}\">\n\t\t\t\t\t\t\t<div class=\"elementor-background-overlay\"><\/div>\n\t\t\t\t\t\t\t<div class=\"elementor-container elementor-column-gap-no\">\n\t\t\t\t\t<div class=\"elementor-column elementor-col-100 elementor-top-column elementor-element elementor-element-a5d7d75\" data-id=\"a5d7d75\" data-element_type=\"column\" data-e-type=\"column\">\n\t\t\t<div class=\"elementor-widget-wrap elementor-element-populated\">\n\t\t\t\t\t\t<div class=\"elementor-element elementor-element-4a6add8 elementor-widget elementor-widget-heading\" data-id=\"4a6add8\" data-element_type=\"widget\" data-e-type=\"widget\" data-widget_type=\"heading.default\">\n\t\t\t\t<div class=\"elementor-widget-container\">\n\t\t\t\t\t<h1 class=\"elementor-heading-title elementor-size-default\">Sobre nosotros<\/h1>\t\t\t\t<\/div>\n\t\t\t\t<\/div>\n\t\t\t\t\t<\/div>\n\t\t<\/div>\n\t\t\t\t\t<\/div>\n\t\t<\/section>\n\t\t\t\t<section class=\"elementor-section elementor-top-section elementor-element elementor-element-63ef980 elementor-section-height-min-height elementor-section-items-stretch elementor-section-content-middle elementor-section-boxed elementor-section-height-default\" data-id=\"63ef980\" data-element_type=\"section\" data-e-type=\"section\" data-settings=\"{&quot;background_background&quot;:&quot;classic&quot;}\">\n\t\t\t\t\t\t\t<div class=\"elementor-background-overlay\"><\/div>\n\t\t\t\t\t\t\t<div class=\"elementor-container elementor-column-gap-no\">\n\t\t\t\t\t<div class=\"elementor-column elementor-col-100 elementor-top-column elementor-element elementor-element-44c5021\" data-id=\"44c5021\" data-element_type=\"column\" data-e-type=\"column\">\n\t\t\t<div class=\"elementor-widget-wrap elementor-element-populated\">\n\t\t\t\t\t\t<section class=\"elementor-section elementor-inner-section elementor-element elementor-element-3eda832 elementor-section-boxed elementor-section-height-default elementor-section-height-default\" data-id=\"3eda832\" data-element_type=\"section\" data-e-type=\"section\">\n\t\t\t\t\t\t<div class=\"elementor-container elementor-column-gap-no\">\n\t\t\t\t\t<div class=\"elementor-column elementor-col-100 elementor-inner-column elementor-element elementor-element-ff9e052\" data-id=\"ff9e052\" data-element_type=\"column\" data-e-type=\"column\">\n\t\t\t<div class=\"elementor-widget-wrap elementor-element-populated\">\n\t\t\t\t\t\t<div class=\"elementor-element elementor-element-e53375f elementor-widget elementor-widget-text-editor\" data-id=\"e53375f\" data-element_type=\"widget\" data-e-type=\"widget\" data-widget_type=\"text-editor.default\">\n\t\t\t\t<div class=\"elementor-widget-container\">\n\t\t\t\t\t\t\t\t\t<p>New Art Industry es una marca comercial registrada en Puerto Rico. Estamos localizados en el \u00e1rea noroeste en Aguadilla. La belleza de nuestra isla tropical y las experiencias en su variedad de ecosistemas ha sido y contin\u00faa siendo nuestra inspiraci\u00f3n. Nuestra galer\u00eda tiene dise\u00f1os exclusivos de arte que han sido creados con el prop\u00f3sito de generar una experiencia visual que promueva en el espectador sentimientos de felicidad.<\/p>\t\t\t\t\t\t\t\t<\/div>\n\t\t\t\t<\/div>\n\t\t\t\t\t<\/div>\n\t\t<\/div>\n\t\t\t\t\t<\/div>\n\t\t<\/section>\n\t\t\t\t<section class=\"elementor-section elementor-inner-section elementor-element elementor-element-a8960af elementor-section-boxed elementor-section-height-default elementor-section-height-default\" data-id=\"a8960af\" data-element_type=\"section\" data-e-type=\"section\">\n\t\t\t\t\t\t<div class=\"elementor-container elementor-column-gap-no\">\n\t\t\t\t\t<div class=\"elementor-column elementor-col-33 elementor-inner-column elementor-element elementor-element-cb751a1\" data-id=\"cb751a1\" data-element_type=\"column\" data-e-type=\"column\">\n\t\t\t<div class=\"elementor-widget-wrap elementor-element-populated\">\n\t\t\t\t\t\t<div class=\"elementor-element elementor-element-7f3c213 elementor-invisible elementor-widget elementor-widget-heading\" data-id=\"7f3c213\" data-element_type=\"widget\" data-e-type=\"widget\" data-settings=\"{&quot;_animation&quot;:&quot;fadeInLeft&quot;}\" data-widget_type=\"heading.default\">\n\t\t\t\t<div class=\"elementor-widget-container\">\n\t\t\t\t\t<h2 class=\"elementor-heading-title elementor-size-default\">Visi\u00f3n<\/h2>\t\t\t\t<\/div>\n\t\t\t\t<\/div>\n\t\t\t\t\t<\/div>\n\t\t<\/div>\n\t\t\t\t<div class=\"elementor-column elementor-col-66 elementor-inner-column elementor-element elementor-element-2f96fc9\" data-id=\"2f96fc9\" data-element_type=\"column\" data-e-type=\"column\">\n\t\t\t<div class=\"elementor-widget-wrap elementor-element-populated\">\n\t\t\t\t\t\t<div class=\"elementor-element elementor-element-3362a0c animated-slow elementor-invisible elementor-widget elementor-widget-text-editor\" data-id=\"3362a0c\" data-element_type=\"widget\" data-e-type=\"widget\" data-settings=\"{&quot;_animation&quot;:&quot;fadeIn&quot;,&quot;_animation_delay&quot;:500}\" data-widget_type=\"text-editor.default\">\n\t\t\t\t<div class=\"elementor-widget-container\">\n\t\t\t\t\t\t\t\t\t<p>Nuestra visi\u00f3n es establecer una red global de amantes del arte y coleccionistas que valoren, admiren, adquieran, y coleccionen arte significativo.<\/p>\t\t\t\t\t\t\t\t<\/div>\n\t\t\t\t<\/div>\n\t\t\t\t\t<\/div>\n\t\t<\/div>\n\t\t\t\t\t<\/div>\n\t\t<\/section>\n\t\t\t\t<section class=\"elementor-section elementor-inner-section elementor-element elementor-element-ad03575 elementor-section-boxed elementor-section-height-default elementor-section-height-default\" data-id=\"ad03575\" data-element_type=\"section\" data-e-type=\"section\">\n\t\t\t\t\t\t<div class=\"elementor-container elementor-column-gap-no\">\n\t\t\t\t\t<div class=\"elementor-column elementor-col-33 elementor-inner-column elementor-element elementor-element-ae025f5\" data-id=\"ae025f5\" data-element_type=\"column\" data-e-type=\"column\">\n\t\t\t<div class=\"elementor-widget-wrap elementor-element-populated\">\n\t\t\t\t\t\t<div class=\"elementor-element elementor-element-276341a animated-slow elementor-invisible elementor-widget elementor-widget-text-editor\" data-id=\"276341a\" data-element_type=\"widget\" data-e-type=\"widget\" data-settings=\"{&quot;_animation&quot;:&quot;fadeIn&quot;,&quot;_animation_delay&quot;:500}\" data-widget_type=\"text-editor.default\">\n\t\t\t\t<div class=\"elementor-widget-container\">\n\t\t\t\t\t\t\t\t\t<p>Inspirar al espectador a conectar con la naturaleza y experimentar sentimientos de felicidad y bienestar a trav\u00e9s de las cosas m\u00e1s simples de la vida.<\/p>\t\t\t\t\t\t\t\t<\/div>\n\t\t\t\t<\/div>\n\t\t\t\t\t<\/div>\n\t\t<\/div>\n\t\t\t\t<div class=\"elementor-column elementor-col-66 elementor-inner-column elementor-element elementor-element-3bc26cb\" data-id=\"3bc26cb\" data-element_type=\"column\" data-e-type=\"column\">\n\t\t\t<div class=\"elementor-widget-wrap elementor-element-populated\">\n\t\t\t\t\t\t<div class=\"elementor-element elementor-element-cd88d19 elementor-invisible elementor-widget elementor-widget-heading\" data-id=\"cd88d19\" data-element_type=\"widget\" data-e-type=\"widget\" data-settings=\"{&quot;_animation&quot;:&quot;fadeInRight&quot;}\" data-widget_type=\"heading.default\">\n\t\t\t\t<div class=\"elementor-widget-container\">\n\t\t\t\t\t<h2 class=\"elementor-heading-title elementor-size-default\">Misi\u00f3n<\/h2>\t\t\t\t<\/div>\n\t\t\t\t<\/div>\n\t\t\t\t\t<\/div>\n\t\t<\/div>\n\t\t\t\t\t<\/div>\n\t\t<\/section>\n\t\t\t\t\t<\/div>\n\t\t<\/div>\n\t\t\t\t\t<\/div>\n\t\t<\/section>\n\t\t\t\t<section class=\"elementor-section elementor-top-section elementor-element elementor-element-dd8e48b elementor-section-full_width elementor-section-content-bottom elementor-section-height-default elementor-section-height-default\" data-id=\"dd8e48b\" data-element_type=\"section\" data-e-type=\"section\">\n\t\t\t\t\t\t<div class=\"elementor-container elementor-column-gap-no\">\n\t\t\t\t\t<div class=\"elementor-column elementor-col-100 elementor-top-column elementor-element elementor-element-8e8b95d\" data-id=\"8e8b95d\" data-element_type=\"column\" data-e-type=\"column\">\n\t\t\t<div class=\"elementor-widget-wrap elementor-element-populated\">\n\t\t\t\t\t\t<section class=\"elementor-section elementor-inner-section elementor-element elementor-element-5063e05 elementor-section-boxed elementor-section-height-default elementor-section-height-default\" data-id=\"5063e05\" data-element_type=\"section\" data-e-type=\"section\">\n\t\t\t\t\t\t<div class=\"elementor-container elementor-column-gap-default\">\n\t\t\t\t\t<div class=\"elementor-column elementor-col-100 elementor-inner-column elementor-element elementor-element-5a3cea0\" data-id=\"5a3cea0\" data-element_type=\"column\" data-e-type=\"column\">\n\t\t\t<div class=\"elementor-widget-wrap elementor-element-populated\">\n\t\t\t\t\t\t<div class=\"elementor-element elementor-element-301c0c4 elementor-widget elementor-widget-image-carousel\" data-id=\"301c0c4\" data-element_type=\"widget\" data-e-type=\"widget\" data-settings=\"{&quot;slides_to_show&quot;:&quot;1&quot;,&quot;navigation&quot;:&quot;none&quot;,&quot;autoplay&quot;:&quot;yes&quot;,&quot;pause_on_hover&quot;:&quot;yes&quot;,&quot;pause_on_interaction&quot;:&quot;yes&quot;,&quot;autoplay_speed&quot;:5000,&quot;infinite&quot;:&quot;yes&quot;,&quot;effect&quot;:&quot;slide&quot;,&quot;speed&quot;:500}\" data-widget_type=\"image-carousel.default\">\n\t\t\t\t<div class=\"elementor-widget-container\">\n\t\t\t\t\t\t\t<div class=\"elementor-image-carousel-wrapper swiper\" role=\"region\" aria-roledescription=\"carousel\" aria-label=\"Carrusel de im\u00e1genes\" dir=\"ltr\">\n\t\t\t<div class=\"elementor-image-carousel swiper-wrapper\" aria-live=\"off\">\n\t\t\t\t\t\t\t\t<div class=\"swiper-slide\" role=\"group\" aria-roledescription=\"slide\" aria-label=\"1 de 9\" data-no-translation-aria-label=\"\"><a data-elementor-open-lightbox=\"yes\" data-elementor-lightbox-slideshow=\"301c0c4\" data-elementor-lightbox-title=\"WhatsApp-Image-2021-01-05-at-1.19.20-PM-1\" data-e-action-hash=\"#elementor-action%3Aaction%3Dlightbox%26settings%3DeyJpZCI6NTczLCJ1cmwiOiJodHRwczpcL1wvbmV3YXJ0aW5kdXN0cnkuY29tXC93cC1jb250ZW50XC91cGxvYWRzXC8yMDIyXC8wNlwvV2hhdHNBcHAtSW1hZ2UtMjAyMS0wMS0wNS1hdC0xLjE5LjIwLVBNLTEuanBlZyIsInNsaWRlc2hvdyI6IjMwMWMwYzQifQ%3D%3D\" href=\"https:\/\/newartindustry.com\/wp-content\/uploads\/2022\/06\/WhatsApp-Image-2021-01-05-at-1.19.20-PM-1.jpeg\"><figure class=\"swiper-slide-inner\"><img decoding=\"async\" class=\"swiper-slide-image\" src=\"https:\/\/newartindustry.com\/wp-content\/uploads\/2022\/06\/WhatsApp-Image-2021-01-05-at-1.19.20-PM-1-1024x768.jpeg\" alt=\"WhatsApp-Image-2021-01-05-at-1.19.20-PM-1\" \/><\/figure><\/a><\/div><div class=\"swiper-slide\" role=\"group\" aria-roledescription=\"slide\" aria-label=\"2 de 9\" data-no-translation-aria-label=\"\"><a data-elementor-open-lightbox=\"yes\" data-elementor-lightbox-slideshow=\"301c0c4\" data-elementor-lightbox-title=\"WhatsApp Image 2022-10-25 at 10.22.08 PM (3)\" data-e-action-hash=\"#elementor-action%3Aaction%3Dlightbox%26settings%3DeyJpZCI6ODIzLCJ1cmwiOiJodHRwczpcL1wvbmV3YXJ0aW5kdXN0cnkuY29tXC93cC1jb250ZW50XC91cGxvYWRzXC8yMDIyXC8xMFwvV2hhdHNBcHAtSW1hZ2UtMjAyMi0xMC0yNS1hdC0xMC4yMi4wOC1QTS0zLmpwZWciLCJzbGlkZXNob3ciOiIzMDFjMGM0In0%3D\" href=\"https:\/\/newartindustry.com\/wp-content\/uploads\/2022\/10\/WhatsApp-Image-2022-10-25-at-10.22.08-PM-3.jpeg\"><figure class=\"swiper-slide-inner\"><img decoding=\"async\" class=\"swiper-slide-image\" src=\"https:\/\/newartindustry.com\/wp-content\/uploads\/2022\/10\/WhatsApp-Image-2022-10-25-at-10.22.08-PM-3-768x1024.jpeg\" alt=\"WhatsApp Image 2022-10-25 at 10.22.08 PM (3)\" \/><\/figure><\/a><\/div><div class=\"swiper-slide\" role=\"group\" aria-roledescription=\"slide\" aria-label=\"3 de 9\" data-no-translation-aria-label=\"\"><a data-elementor-open-lightbox=\"yes\" data-elementor-lightbox-slideshow=\"301c0c4\" data-elementor-lightbox-title=\"WhatsApp Image 2022-10-25 at 10.22.08 PM (2)\" data-e-action-hash=\"#elementor-action%3Aaction%3Dlightbox%26settings%3DeyJpZCI6ODI0LCJ1cmwiOiJodHRwczpcL1wvbmV3YXJ0aW5kdXN0cnkuY29tXC93cC1jb250ZW50XC91cGxvYWRzXC8yMDIyXC8xMFwvV2hhdHNBcHAtSW1hZ2UtMjAyMi0xMC0yNS1hdC0xMC4yMi4wOC1QTS0yLmpwZWciLCJzbGlkZXNob3ciOiIzMDFjMGM0In0%3D\" href=\"https:\/\/newartindustry.com\/wp-content\/uploads\/2022\/10\/WhatsApp-Image-2022-10-25-at-10.22.08-PM-2.jpeg\"><figure class=\"swiper-slide-inner\"><img decoding=\"async\" class=\"swiper-slide-image\" src=\"https:\/\/newartindustry.com\/wp-content\/uploads\/2022\/10\/WhatsApp-Image-2022-10-25-at-10.22.08-PM-2-847x1024.jpeg\" alt=\"WhatsApp Image 2022-10-25 at 10.22.08 PM (2)\" \/><\/figure><\/a><\/div><div class=\"swiper-slide\" role=\"group\" aria-roledescription=\"slide\" aria-label=\"4 de 9\" data-no-translation-aria-label=\"\"><a data-elementor-open-lightbox=\"yes\" data-elementor-lightbox-slideshow=\"301c0c4\" data-elementor-lightbox-title=\"WhatsApp Image 2022-10-25 at 10.22.07 PM (2)\" data-e-action-hash=\"#elementor-action%3Aaction%3Dlightbox%26settings%3DeyJpZCI6ODI4LCJ1cmwiOiJodHRwczpcL1wvbmV3YXJ0aW5kdXN0cnkuY29tXC93cC1jb250ZW50XC91cGxvYWRzXC8yMDIyXC8xMFwvV2hhdHNBcHAtSW1hZ2UtMjAyMi0xMC0yNS1hdC0xMC4yMi4wNy1QTS0yLmpwZWciLCJzbGlkZXNob3ciOiIzMDFjMGM0In0%3D\" href=\"https:\/\/newartindustry.com\/wp-content\/uploads\/2022\/10\/WhatsApp-Image-2022-10-25-at-10.22.07-PM-2.jpeg\"><figure class=\"swiper-slide-inner\"><img decoding=\"async\" class=\"swiper-slide-image\" src=\"https:\/\/newartindustry.com\/wp-content\/uploads\/2022\/10\/WhatsApp-Image-2022-10-25-at-10.22.07-PM-2-1024x599.jpeg\" alt=\"WhatsApp Image 2022-10-25 at 10.22.07 PM (2)\" \/><\/figure><\/a><\/div><div class=\"swiper-slide\" role=\"group\" aria-roledescription=\"slide\" aria-label=\"5 de 9\" data-no-translation-aria-label=\"\"><a data-elementor-open-lightbox=\"yes\" data-elementor-lightbox-slideshow=\"301c0c4\" data-elementor-lightbox-title=\"WhatsApp Image 2022-10-25 at 10.22.07 PM (1)\" data-e-action-hash=\"#elementor-action%3Aaction%3Dlightbox%26settings%3DeyJpZCI6ODI5LCJ1cmwiOiJodHRwczpcL1wvbmV3YXJ0aW5kdXN0cnkuY29tXC93cC1jb250ZW50XC91cGxvYWRzXC8yMDIyXC8xMFwvV2hhdHNBcHAtSW1hZ2UtMjAyMi0xMC0yNS1hdC0xMC4yMi4wNy1QTS0xLmpwZWciLCJzbGlkZXNob3ciOiIzMDFjMGM0In0%3D\" href=\"https:\/\/newartindustry.com\/wp-content\/uploads\/2022\/10\/WhatsApp-Image-2022-10-25-at-10.22.07-PM-1.jpeg\"><figure class=\"swiper-slide-inner\"><img decoding=\"async\" class=\"swiper-slide-image\" src=\"https:\/\/newartindustry.com\/wp-content\/uploads\/2022\/10\/WhatsApp-Image-2022-10-25-at-10.22.07-PM-1-1024x815.jpeg\" alt=\"WhatsApp Image 2022-10-25 at 10.22.07 PM (1)\" \/><\/figure><\/a><\/div><div class=\"swiper-slide\" role=\"group\" aria-roledescription=\"slide\" aria-label=\"6 de 9\" data-no-translation-aria-label=\"\"><a data-elementor-open-lightbox=\"yes\" data-elementor-lightbox-slideshow=\"301c0c4\" data-elementor-lightbox-title=\"WhatsApp Image 2022-10-25 at 10.22.07 PM\" data-e-action-hash=\"#elementor-action%3Aaction%3Dlightbox%26settings%3DeyJpZCI6ODMwLCJ1cmwiOiJodHRwczpcL1wvbmV3YXJ0aW5kdXN0cnkuY29tXC93cC1jb250ZW50XC91cGxvYWRzXC8yMDIyXC8xMFwvV2hhdHNBcHAtSW1hZ2UtMjAyMi0xMC0yNS1hdC0xMC4yMi4wNy1QTS5qcGVnIiwic2xpZGVzaG93IjoiMzAxYzBjNCJ9\" href=\"https:\/\/newartindustry.com\/wp-content\/uploads\/2022\/10\/WhatsApp-Image-2022-10-25-at-10.22.07-PM.jpeg\"><figure class=\"swiper-slide-inner\"><img decoding=\"async\" class=\"swiper-slide-image\" src=\"https:\/\/newartindustry.com\/wp-content\/uploads\/2022\/10\/WhatsApp-Image-2022-10-25-at-10.22.07-PM-1024x707.jpeg\" alt=\"WhatsApp Image 2022-10-25 at 10.22.07 PM\" \/><\/figure><\/a><\/div><div class=\"swiper-slide\" role=\"group\" aria-roledescription=\"slide\" aria-label=\"7 de 9\" data-no-translation-aria-label=\"\"><a data-elementor-open-lightbox=\"yes\" data-elementor-lightbox-slideshow=\"301c0c4\" data-elementor-lightbox-title=\"WhatsApp Image 2022-10-25 at 10.21.53 PM\" data-e-action-hash=\"#elementor-action%3Aaction%3Dlightbox%26settings%3DeyJpZCI6ODMxLCJ1cmwiOiJodHRwczpcL1wvbmV3YXJ0aW5kdXN0cnkuY29tXC93cC1jb250ZW50XC91cGxvYWRzXC8yMDIyXC8xMFwvV2hhdHNBcHAtSW1hZ2UtMjAyMi0xMC0yNS1hdC0xMC4yMS41My1QTS5qcGVnIiwic2xpZGVzaG93IjoiMzAxYzBjNCJ9\" href=\"https:\/\/newartindustry.com\/wp-content\/uploads\/2022\/10\/WhatsApp-Image-2022-10-25-at-10.21.53-PM.jpeg\"><figure class=\"swiper-slide-inner\"><img decoding=\"async\" class=\"swiper-slide-image\" src=\"https:\/\/newartindustry.com\/wp-content\/uploads\/2022\/10\/WhatsApp-Image-2022-10-25-at-10.21.53-PM-841x1024.jpeg\" alt=\"WhatsApp Image 2022-10-25 at 10.21.53 PM\" \/><\/figure><\/a><\/div><div class=\"swiper-slide\" role=\"group\" aria-roledescription=\"slide\" aria-label=\"8 de 9\" data-no-translation-aria-label=\"\"><a data-elementor-open-lightbox=\"yes\" data-elementor-lightbox-slideshow=\"301c0c4\" data-elementor-lightbox-title=\"IMG_0599_2\" data-e-action-hash=\"#elementor-action%3Aaction%3Dlightbox%26settings%3DeyJpZCI6Nzk1LCJ1cmwiOiJodHRwczpcL1wvbmV3YXJ0aW5kdXN0cnkuY29tXC93cC1jb250ZW50XC91cGxvYWRzXC8yMDIyXC8wOVwvSU1HXzA1OTlfMi1zY2FsZWQuanBnIiwic2xpZGVzaG93IjoiMzAxYzBjNCJ9\" href=\"https:\/\/newartindustry.com\/wp-content\/uploads\/2022\/09\/IMG_0599_2-scaled.jpg\"><figure class=\"swiper-slide-inner\"><img decoding=\"async\" class=\"swiper-slide-image\" src=\"https:\/\/newartindustry.com\/wp-content\/uploads\/2022\/09\/IMG_0599_2-458x1024.jpg\" alt=\"IMG_0599_2\" \/><\/figure><\/a><\/div><div class=\"swiper-slide\" role=\"group\" aria-roledescription=\"slide\" aria-label=\"9 de 9\" data-no-translation-aria-label=\"\"><a data-elementor-open-lightbox=\"yes\" data-elementor-lightbox-slideshow=\"301c0c4\" data-elementor-lightbox-title=\"IMG_0603_2\" data-e-action-hash=\"#elementor-action%3Aaction%3Dlightbox%26settings%3DeyJpZCI6NzEzLCJ1cmwiOiJodHRwczpcL1wvbmV3YXJ0aW5kdXN0cnkuY29tXC93cC1jb250ZW50XC91cGxvYWRzXC8yMDIyXC8wOVwvSU1HXzA2MDNfMi1zY2FsZWQuanBnIiwic2xpZGVzaG93IjoiMzAxYzBjNCJ9\" href=\"https:\/\/newartindustry.com\/wp-content\/uploads\/2022\/09\/IMG_0603_2-scaled.jpg\"><figure class=\"swiper-slide-inner\"><img decoding=\"async\" class=\"swiper-slide-image\" src=\"https:\/\/newartindustry.com\/wp-content\/uploads\/2022\/09\/IMG_0603_2-611x1024.jpg\" alt=\"IMG_0603_2\" \/><\/figure><\/a><\/div>\t\t\t<\/div>\n\t\t\t\t\t\t\t\n\t\t\t\t\t\t\t\t\t<\/div>\n\t\t\t\t\t\t<\/div>\n\t\t\t\t<\/div>\n\t\t\t\t\t<\/div>\n\t\t<\/div>\n\t\t\t\t\t<\/div>\n\t\t<\/section>\n\t\t\t\t\t<\/div>\n\t\t<\/div>\n\t\t\t\t\t<\/div>\n\t\t<\/section>\n\t\t\t\t<section class=\"elementor-section elementor-top-section elementor-element elementor-element-343e56f elementor-section-height-min-height elementor-section-items-stretch elementor-section-content-space-evenly elementor-section-boxed elementor-section-height-default\" data-id=\"343e56f\" data-element_type=\"section\" data-e-type=\"section\" data-settings=\"{&quot;background_background&quot;:&quot;classic&quot;}\">\n\t\t\t\t\t\t\t<div class=\"elementor-background-overlay\"><\/div>\n\t\t\t\t\t\t\t<div class=\"elementor-container elementor-column-gap-no\">\n\t\t\t\t\t<div class=\"elementor-column elementor-col-100 elementor-top-column elementor-element elementor-element-668f8e4\" data-id=\"668f8e4\" data-element_type=\"column\" data-e-type=\"column\">\n\t\t\t<div class=\"elementor-widget-wrap elementor-element-populated\">\n\t\t\t\t\t\t<div class=\"elementor-element elementor-element-da0e0c0 elementor-widget elementor-widget-heading\" data-id=\"da0e0c0\" data-element_type=\"widget\" data-e-type=\"widget\" data-widget_type=\"heading.default\">\n\t\t\t\t<div class=\"elementor-widget-container\">\n\t\t\t\t\t<h2 class=\"elementor-heading-title elementor-size-default\">\"Artists have been granted with the power of creating a joyful instant to the viewer.\"<\/h2>\t\t\t\t<\/div>\n\t\t\t\t<\/div>\n\t\t\t\t<div class=\"elementor-element elementor-element-f1c34b7 elementor-widget elementor-widget-heading\" data-id=\"f1c34b7\" data-element_type=\"widget\" data-e-type=\"widget\" data-widget_type=\"heading.default\">\n\t\t\t\t<div class=\"elementor-widget-container\">\n\t\t\t\t\t<h2 class=\"elementor-heading-title elementor-size-default\">\u223cJuliana<\/h2>\t\t\t\t<\/div>\n\t\t\t\t<\/div>\n\t\t\t\t<section class=\"elementor-section elementor-inner-section elementor-element elementor-element-41d4ae2 elementor-section-boxed elementor-section-height-default elementor-section-height-default\" data-id=\"41d4ae2\" data-element_type=\"section\" data-e-type=\"section\">\n\t\t\t\t\t\t<div class=\"elementor-container elementor-column-gap-no\">\n\t\t\t\t\t<div class=\"elementor-column elementor-col-100 elementor-inner-column elementor-element elementor-element-a618654\" data-id=\"a618654\" data-element_type=\"column\" data-e-type=\"column\">\n\t\t\t<div class=\"elementor-widget-wrap elementor-element-populated\">\n\t\t\t\t\t\t<div class=\"elementor-element elementor-element-c027bc4 elementor-widget elementor-widget-heading\" data-id=\"c027bc4\" data-element_type=\"widget\" data-e-type=\"widget\" data-widget_type=\"heading.default\">\n\t\t\t\t<div class=\"elementor-widget-container\">\n\t\t\t\t\t<h3 class=\"elementor-heading-title elementor-size-default\">New Art Industry, la galer\u00eda, es un lugar donde la inspiraci\u00f3n, la creatividad y el prop\u00f3sito se integran tan intensamente que la magia tomar lugar.<\/h3>\t\t\t\t<\/div>\n\t\t\t\t<\/div>\n\t\t\t\t\t<\/div>\n\t\t<\/div>\n\t\t\t\t\t<\/div>\n\t\t<\/section>\n\t\t\t\t\t<\/div>\n\t\t<\/div>\n\t\t\t\t\t<\/div>\n\t\t<\/section>\n\t\t\t\t<\/div>","protected":false},"excerpt":{"rendered":"<p>About Us New Art Industry is a registered trademark, located in Aguadilla, a city on the northwest side of the island of Puerto Rico. The beauty of our tropical island and the experiences in its variety of ecosystems, have been and continue to be our inspiration. Our Gallery has exclusive art designs that have been [&hellip;]<\/p>\n","protected":false},"author":1,"featured_media":0,"parent":0,"menu_order":0,"comment_status":"closed","ping_status":"closed","template":"","meta":{"site-sidebar-layout":"no-sidebar","site-content-layout":"page-builder","ast-site-content-layout":"default","site-content-style":"default","site-sidebar-style":"default","ast-global-header-display":"","ast-banner-title-visibility":"","ast-main-header-display":"","ast-hfb-above-header-display":"","ast-hfb-below-header-display":"","ast-hfb-mobile-header-display":"","site-post-title":"disabled","ast-breadcrumbs-content":"disabled","ast-featured-img":"disabled","footer-sml-layout":"","ast-disable-related-posts":"","theme-transparent-header-meta":"enabled","adv-header-id-meta":"","stick-header-meta":"","header-above-stick-meta":"","header-main-stick-meta":"","header-below-stick-meta":"","astra-migrate-meta-layouts":"default","ast-page-background-enabled":"default","ast-page-background-meta":{"desktop":{"background-color":"","background-image":"","background-repeat":"repeat","background-position":"center center","background-size":"auto","background-attachment":"scroll","background-type":"","background-media":"","overlay-type":"","overlay-color":"","overlay-opacity":"","overlay-gradient":""},"tablet":{"background-color":"","background-image":"","background-repeat":"repeat","background-position":"center center","background-size":"auto","background-attachment":"scroll","background-type":"","background-media":"","overlay-type":"","overlay-color":"","overlay-opacity":"","overlay-gradient":""},"mobile":{"background-color":"","background-image":"","background-repeat":"repeat","background-position":"center center","background-size":"auto","background-attachment":"scroll","background-type":"","background-media":"","overlay-type":"","overlay-color":"","overlay-opacity":"","overlay-gradient":""}},"ast-content-background-meta":{"desktop":{"background-color":"var(--ast-global-color-5)","background-image":"","background-repeat":"repeat","background-position":"center center","background-size":"auto","background-attachment":"scroll","background-type":"","background-media":"","overlay-type":"","overlay-color":"","overlay-opacity":"","overlay-gradient":""},"tablet":{"background-color":"var(--ast-global-color-5)","background-image":"","background-repeat":"repeat","background-position":"center center","background-size":"auto","background-attachment":"scroll","background-type":"","background-media":"","overlay-type":"","overlay-color":"","overlay-opacity":"","overlay-gradient":""},"mobile":{"background-color":"var(--ast-global-color-5)","background-image":"","background-repeat":"repeat","background-position":"center center","background-size":"auto","background-attachment":"scroll","background-type":"","background-media":"","overlay-type":"","overlay-color":"","overlay-opacity":"","overlay-gradient":""}},"footnotes":""},"class_list":["post-400","page","type-page","status-publish","hentry"],"jetpack_sharing_enabled":true,"_links":{"self":[{"href":"https:\/\/newartindustry.com\/es\/wp-json\/wp\/v2\/pages\/400","targetHints":{"allow":["GET"]}}],"collection":[{"href":"https:\/\/newartindustry.com\/es\/wp-json\/wp\/v2\/pages"}],"about":[{"href":"https:\/\/newartindustry.com\/es\/wp-json\/wp\/v2\/types\/page"}],"author":[{"embeddable":true,"href":"https:\/\/newartindustry.com\/es\/wp-json\/wp\/v2\/users\/1"}],"replies":[{"embeddable":true,"href":"https:\/\/newartindustry.com\/es\/wp-json\/wp\/v2\/comments?post=400"}],"version-history":[{"count":103,"href":"https:\/\/newartindustry.com\/es\/wp-json\/wp\/v2\/pages\/400\/revisions"}],"predecessor-version":[{"id":909,"href":"https:\/\/newartindustry.com\/es\/wp-json\/wp\/v2\/pages\/400\/revisions\/909"}],"wp:attachment":[{"href":"https:\/\/newartindustry.com\/es\/wp-json\/wp\/v2\/media?parent=400"}],"curies":[{"name":"wp","href":"https:\/\/api.w.org\/{rel}","templated":true}]}}